{"id":75,"date":"2026-05-07T10:10:07","date_gmt":"2026-05-07T08:10:07","guid":{"rendered":"https:\/\/kozina-mia.skola-zabok.avalon.hr\/?page_id=75"},"modified":"2026-05-14T10:35:29","modified_gmt":"2026-05-14T08:35:29","slug":"elementor-75","status":"publish","type":"page","link":"https:\/\/kozina-mia.skola-zabok.avalon.hr\/","title":{"rendered":"Elementor #75"},"content":{"rendered":"\t\t<div data-elementor-type=\"wp-page\" data-elementor-id=\"75\" class=\"elementor elementor-75\">\n\t\t\t\t<div class=\"elementor-element elementor-element-5fd574d e-flex e-con-boxed elementor-invisible e-con e-parent\" data-id=\"5fd574d\" data-element_type=\"container\" data-e-type=\"container\" data-settings=\"{&quot;animation&quot;:&quot;zoomIn&quot;}\">\n\t\t\t\t\t<div class=\"e-con-inner\">\n\t\t\t\t<div class=\"elementor-element elementor-element-f20dfe8 elementor-widget elementor-widget-image\" data-id=\"f20dfe8\" data-element_type=\"widget\" data-e-type=\"widget\" data-widget_type=\"image.default\">\n\t\t\t\t\t\t\t\t\t\t\t\t\t\t\t<img fetchpriority=\"high\" decoding=\"async\" width=\"1024\" height=\"574\" src=\"https:\/\/kozina-mia.skola-zabok.avalon.hr\/wp-content\/uploads\/2026\/04\/Cvijece-za-Sve-svete-1024x574.jpg\" class=\"attachment-large size-large wp-image-33\" alt=\"\" srcset=\"https:\/\/kozina-mia.skola-zabok.avalon.hr\/wp-content\/uploads\/2026\/04\/Cvijece-za-Sve-svete-1024x574.jpg 1024w, https:\/\/kozina-mia.skola-zabok.avalon.hr\/wp-content\/uploads\/2026\/04\/Cvijece-za-Sve-svete-300x168.jpg 300w, https:\/\/kozina-mia.skola-zabok.avalon.hr\/wp-content\/uploads\/2026\/04\/Cvijece-za-Sve-svete-768x430.jpg 768w, https:\/\/kozina-mia.skola-zabok.avalon.hr\/wp-content\/uploads\/2026\/04\/Cvijece-za-Sve-svete.jpg 1160w\" sizes=\"(max-width: 1024px) 100vw, 1024px\" \/>\t\t\t\t\t\t\t\t\t\t\t\t\t\t\t<\/div>\n\t\t\t\t<div class=\"elementor-element elementor-element-ec9f985 elementor-widget elementor-widget-heading\" data-id=\"ec9f985\" data-element_type=\"widget\" data-e-type=\"widget\" data-widget_type=\"heading.default\">\n\t\t\t\t\t<h1 class=\"elementor-heading-title elementor-size-default\">Znanost o biljkama<\/h1>\t\t\t\t<\/div>\n\t\t\t\t\t<\/div>\n\t\t\t\t<\/div>\n\t\t<div class=\"elementor-element elementor-element-490b96d e-grid e-con-boxed e-con e-parent\" data-id=\"490b96d\" data-element_type=\"container\" data-e-type=\"container\">\n\t\t\t\t\t<div class=\"e-con-inner\">\n\t\t\t\t<div class=\"elementor-element elementor-element-e6b824b elementor-widget elementor-widget-image\" data-id=\"e6b824b\" data-element_type=\"widget\" data-e-type=\"widget\" data-widget_type=\"image.default\">\n\t\t\t\t\t\t\t\t\t\t\t\t\t\t\t<img decoding=\"async\" src=\"https:\/\/hrvatskadivlja.hr\/storage\/2025\/08\/shutterstock_410136514-1200x800.jpg\" title=\"\" alt=\"\" loading=\"lazy\" \/>\t\t\t\t\t\t\t\t\t\t\t\t\t\t\t<\/div>\n\t\t\t\t<div class=\"elementor-element elementor-element-45e2563 elementor-widget elementor-widget-text-editor\" data-id=\"45e2563\" data-element_type=\"widget\" data-e-type=\"widget\" data-widget_type=\"text-editor.default\">\n\t\t\t\t\t\t\t\t\t<p>Botanika (gr\u010d. botane &#8211; biljka, trava) je znanost koja prou\u010dava biljke. Zove se i &#8220;biologija biljaka&#8221;. Pokriva \u0161iroko znanstveno podru\u010dje, koje uklju\u010duje prou\u010davanje: rasta biljaka, razmno\u017eavanja, metabolizma, biljnih bolesti, evolucije biljaka itd. Razvila se u 18. stolje\u0107u. Znanstvenici koji prou\u010davaju botaniku nazivaju se botani\u010dari. U raznim svjetskim gradovima nalaze se botani\u010dki vrtovi. Njihova uloga je uzgajanje rijetkih i ugro\u017eenih vrsta biljaka.<\/p>\t\t\t\t\t\t\t\t<\/div>\n\t\t\t\t\t<\/div>\n\t\t\t\t<\/div>\n\t\t<div class=\"elementor-element elementor-element-775076e e-grid e-con-boxed elementor-invisible e-con e-parent\" data-id=\"775076e\" data-element_type=\"container\" data-e-type=\"container\" data-settings=\"{&quot;animation&quot;:&quot;slideInRight&quot;}\">\n\t\t\t\t\t<div class=\"e-con-inner\">\n\t\t\t\t<div class=\"elementor-element elementor-element-b061910 elementor-widget elementor-widget-image\" data-id=\"b061910\" data-element_type=\"widget\" data-e-type=\"widget\" data-widget_type=\"image.default\">\n\t\t\t\t\t\t\t\t\t\t\t\t\t\t\t<img decoding=\"async\" src=\"https:\/\/miss7.24sata.hr\/media\/img\/fc\/73\/fc3485f70a6afccaca77.jpeg\" title=\"\" alt=\"\" loading=\"lazy\" \/>\t\t\t\t\t\t\t\t\t\t\t\t\t\t\t<\/div>\n\t\t\t\t<div class=\"elementor-element elementor-element-6a449d7 elementor-widget elementor-widget-text-editor\" data-id=\"6a449d7\" data-element_type=\"widget\" data-e-type=\"widget\" data-widget_type=\"text-editor.default\">\n\t\t\t\t\t\t\t\t\t<p>Orhideje su fascinantna, brojna porodica (preko 25.000 vrsta) poznata po egzoti\u010dnim cvjetovima i prilagodljivosti. Najpopularnija ku\u0107na vrsta je Phalaenopsis, koja tra\u017ei indirektno svjetlo, umjereno zalijevanje (najbolje potapanjem) i supstrat koji omogu\u0107uje prozra\u010dnost korijena. Njega uklju\u010duje redovitu prehranu i vla\u017ean zrak.<\/p>\t\t\t\t\t\t\t\t<\/div>\n\t\t\t\t\t<\/div>\n\t\t\t\t<\/div>\n\t\t<div class=\"elementor-element elementor-element-2450a09 e-grid e-con-boxed elementor-invisible e-con e-parent\" data-id=\"2450a09\" data-element_type=\"container\" data-e-type=\"container\" data-settings=\"{&quot;animation&quot;:&quot;slideInLeft&quot;}\">\n\t\t\t\t\t<div class=\"e-con-inner\">\n\t\t\t\t<div class=\"elementor-element elementor-element-41684a8 elementor-widget elementor-widget-image\" data-id=\"41684a8\" data-element_type=\"widget\" data-e-type=\"widget\" data-widget_type=\"image.default\">\n\t\t\t\t\t\t\t\t\t\t\t\t\t\t\t<img decoding=\"async\" src=\"https:\/\/encrypted-tbn0.gstatic.com\/images?q=tbn:ANd9GcQwSgSKFvCPzOcnsF1TpHI0-8iAtOLyKalbZQ&#038;s\" title=\"\" alt=\"\" loading=\"lazy\" \/>\t\t\t\t\t\t\t\t\t\t\t\t\t\t\t<\/div>\n\t\t\t\t<div class=\"elementor-element elementor-element-d9d58f8 elementor-widget elementor-widget-text-editor\" data-id=\"d9d58f8\" data-element_type=\"widget\" data-e-type=\"widget\" data-widget_type=\"text-editor.default\">\n\t\t\t\t\t\t\t\t\t<p>Lavanda (Lavandula) je mirisni, zimzeleni polugrm iz porodice usna\u010da koji potje\u010de s Mediterana. Poznata je po svojim opu\u0161taju\u0107im svojstvima, ljekovitosti i \u0161irokoj primjeni u kozmetici i kulinarstvu.<\/p>\t\t\t\t\t\t\t\t<\/div>\n\t\t\t\t\t<\/div>\n\t\t\t\t<\/div>\n\t\t<div class=\"elementor-element elementor-element-41ac248 e-grid e-con-boxed e-con e-parent\" data-id=\"41ac248\" data-element_type=\"container\" data-e-type=\"container\">\n\t\t\t\t\t<div class=\"e-con-inner\">\n\t\t\t\t<div class=\"elementor-element elementor-element-b317efe elementor-align-right elementor-widget elementor-widget-button\" data-id=\"b317efe\" data-element_type=\"widget\" data-e-type=\"widget\" data-widget_type=\"button.default\">\n\t\t\t\t\t\t\t\t\t\t<a class=\"elementor-button elementor-button-link elementor-size-sm\" href=\"https:\/\/hr.wikipedia.org\/wiki\/Botanika\">\n\t\t\t\t\t\t<span class=\"elementor-button-content-wrapper\">\n\t\t\t\t\t\t\t\t\t<span class=\"elementor-button-text\">Vi\u0161e o nama<\/span>\n\t\t\t\t\t<\/span>\n\t\t\t\t\t<\/a>\n\t\t\t\t\t\t\t\t<\/div>\n\t\t\t\t<div class=\"elementor-element elementor-element-ae25671 elementor-widget elementor-widget-button\" data-id=\"ae25671\" data-element_type=\"widget\" data-e-type=\"widget\" data-widget_type=\"button.default\">\n\t\t\t\t\t\t\t\t\t\t<a class=\"elementor-button elementor-button-link elementor-size-sm\" href=\"https:\/\/hr.wikipedia.org\/wiki\/Botanika\">\n\t\t\t\t\t\t<span class=\"elementor-button-content-wrapper\">\n\t\t\t\t\t\t\t\t\t<span class=\"elementor-button-text\">Botanika<\/span>\n\t\t\t\t\t<\/span>\n\t\t\t\t\t<\/a>\n\t\t\t\t\t\t\t\t<\/div>\n\t\t\t\t\t<\/div>\n\t\t\t\t<\/div>\n\t\t\t\t<\/div>\n\t\t","protected":false},"excerpt":{"rendered":"<p>Znanost o biljkama Botanika (gr\u010d. botane &#8211; biljka, trava) je znanost koja prou\u010dava biljke. Zove se i &#8220;biologija biljaka&#8221;. Pokriva \u0161iroko znanstveno podru\u010dje, koje uklju\u010duje prou\u010davanje: rasta biljaka, razmno\u017eavanja, metabolizma, biljnih bolesti, evolucije biljaka itd. Razvila se u 18. stolje\u0107u. Znanstvenici koji prou\u010davaju botaniku nazivaju se botani\u010dari. U raznim svjetskim gradovima nalaze se botani\u010dki vrtovi. [&hellip;]<\/p>\n","protected":false},"author":1,"featured_media":0,"parent":0,"menu_order":0,"comment_status":"closed","ping_status":"closed","template":"blank","meta":{"footnotes":""},"class_list":["post-75","page","type-page","status-publish","hentry"],"_links":{"self":[{"href":"https:\/\/kozina-mia.skola-zabok.avalon.hr\/index.php?rest_route=\/wp\/v2\/pages\/75","targetHints":{"allow":["GET"]}}],"collection":[{"href":"https:\/\/kozina-mia.skola-zabok.avalon.hr\/index.php?rest_route=\/wp\/v2\/pages"}],"about":[{"href":"https:\/\/kozina-mia.skola-zabok.avalon.hr\/index.php?rest_route=\/wp\/v2\/types\/page"}],"author":[{"embeddable":true,"href":"https:\/\/kozina-mia.skola-zabok.avalon.hr\/index.php?rest_route=\/wp\/v2\/users\/1"}],"replies":[{"embeddable":true,"href":"https:\/\/kozina-mia.skola-zabok.avalon.hr\/index.php?rest_route=%2Fwp%2Fv2%2Fcomments&post=75"}],"version-history":[{"count":12,"href":"https:\/\/kozina-mia.skola-zabok.avalon.hr\/index.php?rest_route=\/wp\/v2\/pages\/75\/revisions"}],"predecessor-version":[{"id":98,"href":"https:\/\/kozina-mia.skola-zabok.avalon.hr\/index.php?rest_route=\/wp\/v2\/pages\/75\/revisions\/98"}],"wp:attachment":[{"href":"https:\/\/kozina-mia.skola-zabok.avalon.hr\/index.php?rest_route=%2Fwp%2Fv2%2Fmedia&parent=75"}],"curies":[{"name":"wp","href":"https:\/\/api.w.org\/{rel}","templated":true}]}}